{"id":9,"date":"2016-05-17T13:21:18","date_gmt":"2016-05-17T11:21:18","guid":{"rendered":"http:\/\/anbela.noblogs.org\/?page_id=9"},"modified":"2016-05-17T15:39:01","modified_gmt":"2016-05-17T13:39:01","slug":"kontakt","status":"publish","type":"page","link":"https:\/\/anbela.noblogs.org\/?page_id=9","title":{"rendered":"Kontakt"},"content":{"rendered":"<p><b>antifa.bergisches.land [\u00e4t] riseup.net<\/p>\n<p><a href=\"https:\/\/anbela.noblogs.org\/?page_id=10\" target=\"_blank\">PGP<\/a><\/p>\n<p>Verschl\u00fcsseltes Kontakt-Formular<br \/>\n(Name + eMail + Nachricht eingeben &gt; Captcha eingeben &gt; &#8222;Mittelung verschl\u00fcsseln&#8220; anklicken &gt; Senden)<br \/>\n[wp2pgpmail]<\/p>\n<p><\/b><\/p>\n","protected":false},"excerpt":{"rendered":"<p>antifa.bergisches.land [\u00e4t] riseup.net PGP Verschl\u00fcsseltes Kontakt-Formular (Name + eMail + Nachricht eingeben &gt; Captcha eingeben &gt; &#8222;Mittelung verschl\u00fcsseln&#8220; anklicken &gt; Senden) [wp2pgpmail]<\/p>\n","protected":false},"author":10800,"featured_media":0,"parent":0,"menu_order":0,"comment_status":"closed","ping_status":"closed","template":"","meta":{"footnotes":""},"class_list":["post-9","page","type-page","status-publish","hentry"],"_links":{"self":[{"href":"https:\/\/anbela.noblogs.org\/index.php?rest_route=\/wp\/v2\/pages\/9","targetHints":{"allow":["GET"]}}],"collection":[{"href":"https:\/\/anbela.noblogs.org\/index.php?rest_route=\/wp\/v2\/pages"}],"about":[{"href":"https:\/\/anbela.noblogs.org\/index.php?rest_route=\/wp\/v2\/types\/page"}],"author":[{"embeddable":true,"href":"https:\/\/anbela.noblogs.org\/index.php?rest_route=\/wp\/v2\/users\/10800"}],"replies":[{"embeddable":true,"href":"https:\/\/anbela.noblogs.org\/index.php?rest_route=%2Fwp%2Fv2%2Fcomments&post=9"}],"version-history":[{"count":5,"href":"https:\/\/anbela.noblogs.org\/index.php?rest_route=\/wp\/v2\/pages\/9\/revisions"}],"predecessor-version":[{"id":30,"href":"https:\/\/anbela.noblogs.org\/index.php?rest_route=\/wp\/v2\/pages\/9\/revisions\/30"}],"wp:attachment":[{"href":"https:\/\/anbela.noblogs.org\/index.php?rest_route=%2Fwp%2Fv2%2Fmedia&parent=9"}],"curies":[{"name":"wp","href":"https:\/\/api.w.org\/{rel}","templated":true}]}}